{"id":153,"date":"2014-02-10T14:09:09","date_gmt":"2014-02-10T13:09:09","guid":{"rendered":"http:\/\/www.pkn-lichtenvoorde.nl\/?page_id=153"},"modified":"2024-05-07T14:59:29","modified_gmt":"2024-05-07T12:59:29","slug":"johanneskerk","status":"publish","type":"page","link":"https:\/\/www.pkn-lichtenvoorde.nl\/?page_id=153","title":{"rendered":"Johanneskerk"},"content":{"rendered":"<div title=\"Page 1\">\n<div>\n<p style=\"text-align: justify;\"><strong>In het kort<\/strong><\/p>\n<\/div>\n<div style=\"text-align: justify;\">\n<div>\n<p><a href=\"http:\/\/www.pkn-lichtenvoorde.nl\/wp-content\/uploads\/2014\/02\/dscf9572.jpg\"><img loading=\"lazy\" decoding=\"async\" class=\"alignleft wp-image-64\" src=\"http:\/\/www.pkn-lichtenvoorde.nl\/wp-content\/uploads\/2014\/02\/dscf9572-225x300.jpg\" alt=\"dscf9572\" width=\"146\" height=\"194\" srcset=\"https:\/\/www.pkn-lichtenvoorde.nl\/wp-content\/uploads\/2014\/02\/dscf9572-225x300.jpg 225w, https:\/\/www.pkn-lichtenvoorde.nl\/wp-content\/uploads\/2014\/02\/dscf9572-768x1024.jpg 768w, https:\/\/www.pkn-lichtenvoorde.nl\/wp-content\/uploads\/2014\/02\/dscf9572.jpg 1944w\" sizes=\"auto, (max-width: 146px) 100vw, 146px\" \/><\/a>De Johanneskerk werd in 1648 gebouwd na langdurige voorbereidingen en geldinzamelingen door het hele land. Zo werd er onder de legers van Prins Frederik Hendrik die in 1627 voor Grol lagen al gecollecteerd. Bij de bouw werd gebruik gemaakt werd van delen van de oude hofkapel uit 1496 die op dezelfde plek gestaan heeft. Het interieur is grotendeels van 1936 evenals de gebrandschilderde ramen .Veel ouder is de preekstoel nl. uit 1682. Het in 1982 gerestaureerde orgel bevat nog oud pijpwerk van voor 1723. In 2006 werd na een periode van vijftien jaar de laatste fase van de kerkres- tauratie afgerond.<\/p>\n<p>De kerk biedt plaats aan maximaal 250 personen en kenmerkt zich door een ingetogen en gemoedelijke sfeer. Naast het gebruik van de kerk in de eredienst biedt het ook onderdak aan concerten.\u00a0De Johanneskerk is Rijksmonument, waarbij het orgel en de preekstoel als monumentale interieurdelen zijn beschreven. Voor een kijkje in het interieur: <a href=\"https:\/\/www.flickr.com\/photos\/137743968@N05\/albums\/72157688438694114\/with\/37255341334\/\" target=\"_blank\" rel=\"noopener noreferrer\">klik hier&#8230;<\/a><\/p>\n<\/div>\n<\/div>\n<div style=\"text-align: justify;\">\n<p>(voor een uitvoerig verslag van de restauratie:<a title=\"restauratie\" href=\"http:\/\/www.pkn-lichtenvoorde.nl\/wp-content\/uploads\/2014\/02\/restauratie_johanneskerk.pdf\" target=\"_blank\" rel=\"noopener noreferrer\"> klik hier<\/a>\u00a0 of <a title=\"fotoverslag\" href=\"https:\/\/www.flickr.com\/photos\/137743968@N05\/albums\/72157665485691189\" target=\"_blank\" rel=\"noopener noreferrer\">hier<\/a> voor een fotoverslag)<\/p>\n<p>Adresgegevens: Rentenierstraat 9, 7131 DK Lichtenvoorde, tel 0544 &#8211;\u00a037 60 56<\/p>\n<p>Voor routegegevens: <a title=\"route\" href=\"https:\/\/maps.google.nl\/maps?q=Rentenierstraat+9,+Lichtenvoorde&amp;hl=nl&amp;sll=52.469397,5.509644&amp;sspn=5.576124,9.876709&amp;vpsrc=0&amp;hnear=Rentenierstraat+9,+Lichtenvoorde,+Oost+Gelre,+Gelderland&amp;t=m&amp;z=16\" target=\"_blank\" rel=\"noopener noreferrer\">klik hier&#8230;<\/a><\/p>\n<div style=\"width: 770px;\" class=\"wp-video\"><video class=\"wp-video-shortcode\" id=\"video-153-1\" width=\"770\" height=\"433\" loop autoplay preload=\"metadata\" controls=\"controls\"><source type=\"video\/mp4\" src=\"http:\/\/www.pkn-lichtenvoorde.nl\/wp-content\/uploads\/2022\/10\/Jkerk-website.mp4?_=1\" \/><a href=\"http:\/\/www.pkn-lichtenvoorde.nl\/wp-content\/uploads\/2022\/10\/Jkerk-website.mp4\">http:\/\/www.pkn-lichtenvoorde.nl\/wp-content\/uploads\/2022\/10\/Jkerk-website.mp4<\/a><\/video><\/div>\n<p><strong>Het ontstaan van de Johanneskerk te Lichtenvoorde<\/strong><\/p>\n<p>In de 15e eeuw worden in het kerspel Groenlo twee kapellen opgericht. De oudste is die van Vragender, de St.Jacobskapel, op een afstand van &#8220;twee uur gaans&#8221; van de parochiekerk van Groenlo. De restanten hiervan zijn, als ru\u00efne, terug te vinden aan de Kapelweg te Vragender. Vermoedelijk is de kapel omstreeks 1444 gesticht en was ook bekend als St.Janskapel.<\/p>\n<p>In 1496 volgt de stichting van een kapel te Lichtenvoorde. Frederik van Bronckhorst- Borculo laat de kapel bouwen bij zijn kasteel en met toestemming van de pastoor van Groenlo wordt de kapel ingewijd. In een verklaring wordt uitdrukkelijk het begrafenis- recht, het dooprecht, het toedienen van de sacramenten en het recht om te preken niet toegestaan, tenzij met speciale vergunning van de pastoor te Groenlo, die ook de inkomsten behoudt.<\/p>\n<p>Sinds 1406 valt het gebied onder de heerschappij van het bisdom M\u00fcnster. Maar in 1613 begint er in Arnhem een proces tussen Joost van Limburg Stirum en de bisschop van M\u00fcnster. Het Hof van Gelre verwerpt op 19 november 1613 de rechten van de bisschop van M\u00fcnster. Lichtenvoorde blijft dan nog onder M\u00fcnster tot op 10 januari 1616 troepen van de Staten van Gelre Lichtenvoorde bezetten.<\/p>\n<p>Deze politieke omwenteling betekent automatisch ook een kerkelijke omwenteling. Dit alles volgens de in 1548 te Augsburg overeengekomen regel: &#8220;wiens land diens godsdienst&#8221;. Dit houdt ondermeer in dat, wanneer in 1616 de afzonderlijke heerlijkheid Lichtenvoorde ontstaat, het protestantisme de centrale kerk wordt. De bediening van de kapel wordt dan opgedragen aan de eerste Lichtenvoordse predikant, dominee Th. Cuijminck. De hervorming doet haar intree en dit heeft het ontstaan van de hervorm de gemeente tot gevolg.<\/p>\n<\/div>\n<\/div>\n<div title=\"Page 2\">\n<div style=\"text-align: justify;\">\n<div>\n<p>De in 1496 voor de katholieke in- en omwonenden van Lichtenvoorde gestichte miskapel gaat z\u00f3 in 1616 dus over naar de protestantse religie. Het gebouwtje verkeert in die tijd in een slechte staat. Ondanks diverse uitgevoerde herstelwerkzaamheden, was de miskapel in slechte staat en worden plannen gemaakt voor een nieuwe kerk.<\/p>\n<p>Als in 1627 de legers van Prins Frederik Hendrik voor Grol (Groenlo) liggen wordt er zelfs onder de troepen gecollecteerd voor de bouw van de kerk, de opbrengst bedroeg 100 ducatons. Prins Frederik Hendrik zelf schonk 63 ritsen daklijen. Daarmee is de bouw nog allerminst zeker en duurt het in die roerige tijden nog vele jaren voordat de plannen verder komen.<\/p>\n<p>Vanaf 1645 worden dan ook pogingen in het werk gesteld om \u2013 met gebruikmaking van de muren van het oude gotische koor \u2013 een nieuwe en grotere kerk te bouwen. De kerkmeesters worden in hun verlangen gesteund door financi\u00eble bijval van verschillende zijden. Er wordt gecollecteerd door heel het land, onder andere in Amsterdam. Dit resulteert in 1648 tot de bouw van de huidige protestantse Johanneskerk aan de Rentenierstraat.<\/p>\n<p>De huidige Johanneskerk laat zich omschrijven als een met gebruikmaking van een bestaande laat-gotische koorsluiting opgetrokken zaalkerk, en een zware, hooggespitste toren. In 1799 werd in de kerk Freule Judith van Dorth begraven die in Winterswijk was gefusilleerd nadat ze tegen de Franse overheersers had gerebelleerd. Een plaquette nabij de plaats van graf herinnert daaraan.<\/p>\n<p><a href=\"http:\/\/www.pkn-lichtenvoorde.nl\/wp-content\/uploads\/2014\/02\/070420-048.jpg\"><img loading=\"lazy\" decoding=\"async\" class=\"alignleft wp-image-63\" src=\"http:\/\/www.pkn-lichtenvoorde.nl\/wp-content\/uploads\/2014\/02\/070420-048-225x300.jpg\" alt=\"070420 048\" width=\"180\" height=\"240\" srcset=\"https:\/\/www.pkn-lichtenvoorde.nl\/wp-content\/uploads\/2014\/02\/070420-048-225x300.jpg 225w, https:\/\/www.pkn-lichtenvoorde.nl\/wp-content\/uploads\/2014\/02\/070420-048.jpg 600w\" sizes=\"auto, (max-width: 180px) 100vw, 180px\" \/><\/a>Kerk en toren zijn omstreeks 1904 geheel gepleisterd. In 1936 werd het interieur vernieuwd. Alleen de preekstoel uit 1682 werd gehandhaafd. Het balustradeorgel werd in 1936 van zijn kas ontdaan en op een hoger plateau geplaatst om meer ruimte voor banken te hebben. Ook de fraaie glas-in- loodramen zijn in 1936 aangebracht en verbeelden bijbelse taferelen, het middelste raam in de zuidgevel getuigt van de geschiedenis van de kerk door middel van de wapenschilden. In het koor voor de preekstoel (1682) is een grafzerk te vinden van Burman of Baerman uit (1647), die zich voor de bouw van de kerk heeft ingezet. Hij overleed voordat de kerk gereed kwam.<\/p>\n<p>In 1982 is het orgel gerestaureerd en weer naar de oorspronkelijke plaats verhuisd naar de balustrade in een gereconstrueerde kas, naar de situatie zoals die door orgelbouwer Armbrost in 1842 is gemaakt. Armbrost maakte destijds gebruik van een oud viervoets instrument dat in 1723 tweedehands werd gekocht. Het oude pijpwerk van dat orgel is nog steeds het belangrijkste deel van het huidige instrument dat in 1982 door Flentrop werd gerestaureerd.<\/p>\n<p>In de toren hangen drie luidklokken die in 1949 bij Klokkengieterij van Bergen in Heiligerlee zijn gegoten. Deze kwamen in de plaats van de klokken die in de oorlogsjaren \u030140- \u030145 werden gevorderd door de bezetter. Kerk en toren zijn gedurende de periode 1991\/2006 gerestaureerd en van een nieuwe pleisterlaag voorzien.<\/p>\n<\/div>\n<p>&nbsp;<\/p>\n<\/div>\n<\/div>\n","protected":false},"excerpt":{"rendered":"<p>In het kort De Johanneskerk werd in 1648 gebouwd na langdurige voorbereidingen en geldinzamelingen door het hele land. Zo werd er onder de legers van Prins Frederik Hendrik die in 1627 voor Grol lagen al gecollecteerd. Bij de bouw werd gebruik gemaakt werd van delen van de oude hofkapel uit 1496 die op dezelfde plek [&hellip;]<\/p>\n","protected":false},"author":1,"featured_media":0,"parent":20,"menu_order":2,"comment_status":"closed","ping_status":"closed","template":"page-templates\/full-width.php","meta":{"footnotes":""},"class_list":["post-153","page","type-page","status-publish","hentry"],"publishpress_future_action":{"enabled":false,"date":"2026-04-12 14:34:26","action":"change-status","newStatus":"draft","terms":[],"taxonomy":"","extraData":[]},"publishpress_future_workflow_manual_trigger":{"enabledWorkflows":[]},"_links":{"self":[{"href":"https:\/\/www.pkn-lichtenvoorde.nl\/index.php?rest_route=\/wp\/v2\/pages\/153","targetHints":{"allow":["GET"]}}],"collection":[{"href":"https:\/\/www.pkn-lichtenvoorde.nl\/index.php?rest_route=\/wp\/v2\/pages"}],"about":[{"href":"https:\/\/www.pkn-lichtenvoorde.nl\/index.php?rest_route=\/wp\/v2\/types\/page"}],"author":[{"embeddable":true,"href":"https:\/\/www.pkn-lichtenvoorde.nl\/index.php?rest_route=\/wp\/v2\/users\/1"}],"replies":[{"embeddable":true,"href":"https:\/\/www.pkn-lichtenvoorde.nl\/index.php?rest_route=%2Fwp%2Fv2%2Fcomments&post=153"}],"version-history":[{"count":10,"href":"https:\/\/www.pkn-lichtenvoorde.nl\/index.php?rest_route=\/wp\/v2\/pages\/153\/revisions"}],"predecessor-version":[{"id":2920,"href":"https:\/\/www.pkn-lichtenvoorde.nl\/index.php?rest_route=\/wp\/v2\/pages\/153\/revisions\/2920"}],"up":[{"embeddable":true,"href":"https:\/\/www.pkn-lichtenvoorde.nl\/index.php?rest_route=\/wp\/v2\/pages\/20"}],"wp:attachment":[{"href":"https:\/\/www.pkn-lichtenvoorde.nl\/index.php?rest_route=%2Fwp%2Fv2%2Fmedia&parent=153"}],"curies":[{"name":"wp","href":"https:\/\/api.w.org\/{rel}","templated":true}]}}